{"id":7154,"date":"2022-08-03T13:15:15","date_gmt":"2022-08-03T11:15:15","guid":{"rendered":"http:\/\/pevnost.komarno.eu\/escaperoom\/"},"modified":"2025-11-19T15:47:29","modified_gmt":"2025-11-19T14:47:29","slug":"escaperoom","status":"publish","type":"page","link":"https:\/\/pevnost.komarno.eu\/hu\/escaperoom\/","title":{"rendered":"Escaperoom"},"content":{"rendered":"\n<h2 class=\"wp-block-heading\"><strong>Mer\u00fclj\u00f6n el egy 19. sz\u00e1zadi kalandban Kom\u00e1rom sz\u00edv\u00e9ben!<\/strong><\/h2>\n\n\n\n<p>A Kom\u00e1romi Er\u0151d egyed\u00fcl\u00e1ll\u00f3 lehet\u0151s\u00e9get k\u00edn\u00e1l \u00d6nnek, hogy \u00e1t\u00e9lje a 19. sz\u00e1zad elej\u00e9nek hangulat\u00e1t egy \u00faj szabadul\u00f3szoba r\u00e9v\u00e9n, melyet J\u00f3kai M\u00f3r \u201e<strong>Az arany ember<\/strong>\u201d c\u00edm\u0171 reg\u00e9nye inspir\u00e1lt. K\u00e9sz\u00fclj\u00f6n fel egy kalandra, ahol a t\u00f6rt\u00e9nelem meglepet\u00e9sekkel teli, izgalmas j\u00e1t\u00e9kkal fon\u00f3dik \u00f6ssze.<\/p>\n\n\n\n<p>Ez a projekt <strong>Kom\u00e1rom V\u00e1ros \u00d6nkorm\u00e1nyzata<\/strong> \u00e9s a <strong>Kalicka polg\u00e1ri t\u00e1rsul\u00e1s (o.z.<\/strong>) egy\u00fcttm\u0171k\u00f6d\u00e9s\u00e9nek k\u00f6sz\u00f6nhet\u0151en, a J\u00f3kai 200 Eml\u00e9k\u00e9v keret\u00e9ben j\u00f6tt l\u00e9tre, a <strong>KULT MINOR<\/strong> \u2013 a nemzeti kisebbs\u00e9gek kult\u00far\u00e1j\u00e1t t\u00e1mogat\u00f3 alap \u2013 3000 \u20ac \u00f6sszeg\u0171 p\u00e9nz\u00fcgyi t\u00e1mogat\u00e1s\u00e1val.<\/p>\n\n\n\n<h4 class=\"wp-block-heading\"><strong>Mi v\u00e1r \u00d6nre?<\/strong><\/h4>\n\n\n\n<ul class=\"wp-block-list\">\n<li>Egy sor eredeti feladat, amely egyszerre tan\u00edt \u00e9s sz\u00f3rakoztat \u2013 ijesztget\u00e9s, kock\u00e1zat vagy kellemetlen pillanatok n\u00e9lk\u00fcl.<\/li>\n\n\n\n<li>Ide\u00e1lis szabadid\u0151s tev\u00e9kenys\u00e9g <strong>2\u20136,<\/strong> 15 \u00e9v feletti j\u00e1t\u00e9kos sz\u00e1m\u00e1ra.<\/li>\n\n\n\n<li>A j\u00e1t\u00e9k id\u0151tartama k\u00f6r\u00fclbel\u00fcl <strong>1\u20131,5 \u00f3ra<\/strong>, finom \u00fatmutat\u00e1s lehet\u0151s\u00e9g\u00e9vel, ha arra sz\u00fcks\u00e9ge van.<\/li>\n<\/ul>\n\n\n\n<h4 class=\"wp-block-heading\"><strong>K\u00e9nyelem eg\u00e9sz \u00e9vben:<\/strong><\/h4>\n\n\n\n<ul class=\"wp-block-list\">\n<li>A j\u00e1t\u00e9k eg\u00e9sz \u00e9vben el\u00e9rhet\u0151 \u2013 a helyis\u00e9gek f\u0171t\u00f6ttek \u00e9s k\u00e9nyelmes k\u00f6rnyezetet biztos\u00edtanak.<\/li>\n\n\n\n<li>Viseljen k\u00e9nyelmes \u00e9s er\u0151s l\u00e1bbelit, hogy semmi ne akad\u00e1lyozza a rejtv\u00e9nyek megold\u00e1s\u00e1ban.<\/li>\n\n\n\n<li>Javasoljuk, hogy olyan ruh\u00e1zatot v\u00e1lasszon, amelyn\u00e9l nem zavarja az esetleges bepiszkol\u00f3d\u00e1s, mivel a helyis\u00e9gek egyes r\u00e9szei porosak lehetnek.<\/li>\n<\/ul>\n\n\n\n<h4 class=\"wp-block-heading\">Induljon \u00fatnak a m\u00faltba, \u00e9s hagyja, hogy mag\u00e1val ragadja a cselekm\u00e9ny!<\/h4>\n\n\n\n<div style=\"height:5px\" aria-hidden=\"true\" class=\"wp-block-spacer\"><\/div>\n\n\n\n<h2 class=\"wp-block-heading\">Bel\u00e9p\u0151:<\/h2>\n\n\n\n<p>A bel\u00e9p\u0151 <strong>50 \u20ac<\/strong>\/csoport\/j\u00e1t\u00e9k. <strong>Aj\u00e1nd\u00e9kutalv\u00e1nyt<\/strong> is k\u00edn\u00e1lunk.<\/p>\n\n\n\n<h2 class=\"wp-block-heading\">Foglal\u00e1s:<\/h2>\n\n\n\n<p><strong>Id\u0151pontfoglal\u00e1shoz \u00e9s tov\u00e1bbi inform\u00e1ci\u00f3k\u00e9rt k\u00e9rj\u00fck, \u00edrjon a <a href=\"mailto:pevnost.kn@gmail.com\">pevnost.kn@gmail.com c\u00edmre<\/a>, vagy haszn\u00e1lja az al\u00e1bbi \u0171rlapot.<\/strong> <strong>(javasoljuk, hogy a j\u00e1t\u00e9k id\u0151pontj\u00e1t legal\u00e1bb 5 nappal kor\u00e1bban egyeztesse!):<\/strong><\/p>\n","protected":false},"excerpt":{"rendered":"<p>Mer\u00fclj\u00f6n el egy 19. sz\u00e1zadi kalandban Kom\u00e1rom sz\u00edv\u00e9ben! A Kom\u00e1romi Er\u0151d egyed\u00fcl\u00e1ll\u00f3 lehet\u0151s\u00e9get k\u00edn\u00e1l \u00d6nnek, hogy \u00e1t\u00e9lje a 19. sz\u00e1zad elej\u00e9nek hangulat\u00e1t egy \u00faj szabadul\u00f3szoba r\u00e9v\u00e9n, melyet J\u00f3kai M\u00f3r \u201eAz [&hellip;]<\/p>\n","protected":false},"author":1,"featured_media":11494,"parent":0,"menu_order":0,"comment_status":"closed","ping_status":"closed","template":"","meta":{"_et_pb_use_builder":"off","_et_pb_old_content":"","_et_gb_content_width":"","footnotes":""},"class_list":["post-7154","page","type-page","status-publish","has-post-thumbnail","hentry"],"yoast_head":"<!-- This site is optimized with the Yoast SEO plugin v27.2 - https:\/\/yoast.com\/product\/yoast-seo-wordpress\/ -->\n<title>Escaperoom - Kom\u00e1romi Er\u0151d<\/title>\n<meta name=\"robots\" content=\"index, follow, max-snippet:-1, max-image-preview:large, max-video-preview:-1\" \/>\n<link rel=\"canonical\" href=\"https:\/\/pevnost.komarno.eu\/hu\/escaperoom\/\" \/>\n<meta property=\"og:locale\" content=\"hu_HU\" \/>\n<meta property=\"og:type\" content=\"article\" \/>\n<meta property=\"og:title\" content=\"Escaperoom - Kom\u00e1romi Er\u0151d\" \/>\n<meta property=\"og:description\" content=\"Mer\u00fclj\u00f6n el egy 19. sz\u00e1zadi kalandban Kom\u00e1rom sz\u00edv\u00e9ben! A Kom\u00e1romi Er\u0151d egyed\u00fcl\u00e1ll\u00f3 lehet\u0151s\u00e9get k\u00edn\u00e1l \u00d6nnek, hogy \u00e1t\u00e9lje a 19. sz\u00e1zad elej\u00e9nek hangulat\u00e1t egy \u00faj szabadul\u00f3szoba r\u00e9v\u00e9n, melyet J\u00f3kai M\u00f3r \u201eAz [&hellip;]\" \/>\n<meta property=\"og:url\" content=\"https:\/\/pevnost.komarno.eu\/hu\/escaperoom\/\" \/>\n<meta property=\"og:site_name\" content=\"Kom\u00e1romi Er\u0151d\" \/>\n<meta property=\"article:publisher\" content=\"https:\/\/www.facebook.com\/pevnost.KOM.erod\/\" \/>\n<meta property=\"article:modified_time\" content=\"2025-11-19T14:47:29+00:00\" \/>\n<meta property=\"og:image\" content=\"https:\/\/pevnost.komarno.eu\/wp-content\/uploads\/2025\/07\/Web1-1024x256.png\" \/>\n\t<meta property=\"og:image:width\" content=\"1024\" \/>\n\t<meta property=\"og:image:height\" content=\"256\" \/>\n\t<meta property=\"og:image:type\" content=\"image\/png\" \/>\n<meta name=\"twitter:card\" content=\"summary_large_image\" \/>\n<meta name=\"twitter:label1\" content=\"Est. reading time\" \/>\n\t<meta name=\"twitter:data1\" content=\"2 minutes\" \/>\n<script type=\"application\/ld+json\" class=\"yoast-schema-graph\">{\"@context\":\"https:\/\/schema.org\",\"@graph\":[{\"@type\":\"WebPage\",\"@id\":\"https:\/\/pevnost.komarno.eu\/hu\/escaperoom\/\",\"url\":\"https:\/\/pevnost.komarno.eu\/hu\/escaperoom\/\",\"name\":\"Escaperoom - Kom\u00e1romi Er\u0151d\",\"isPartOf\":{\"@id\":\"https:\/\/pevnost.komarno.eu\/hu\/#website\"},\"primaryImageOfPage\":{\"@id\":\"https:\/\/pevnost.komarno.eu\/hu\/escaperoom\/#primaryimage\"},\"image\":{\"@id\":\"https:\/\/pevnost.komarno.eu\/hu\/escaperoom\/#primaryimage\"},\"thumbnailUrl\":\"https:\/\/pevnost.komarno.eu\/wp-content\/uploads\/2025\/07\/Web1.png\",\"datePublished\":\"2022-08-03T11:15:15+00:00\",\"dateModified\":\"2025-11-19T14:47:29+00:00\",\"breadcrumb\":{\"@id\":\"https:\/\/pevnost.komarno.eu\/hu\/escaperoom\/#breadcrumb\"},\"inLanguage\":\"hu-HU\",\"potentialAction\":[{\"@type\":\"ReadAction\",\"target\":[\"https:\/\/pevnost.komarno.eu\/hu\/escaperoom\/\"]}]},{\"@type\":\"ImageObject\",\"inLanguage\":\"hu-HU\",\"@id\":\"https:\/\/pevnost.komarno.eu\/hu\/escaperoom\/#primaryimage\",\"url\":\"https:\/\/pevnost.komarno.eu\/wp-content\/uploads\/2025\/07\/Web1.png\",\"contentUrl\":\"https:\/\/pevnost.komarno.eu\/wp-content\/uploads\/2025\/07\/Web1.png\",\"width\":3168,\"height\":792},{\"@type\":\"BreadcrumbList\",\"@id\":\"https:\/\/pevnost.komarno.eu\/hu\/escaperoom\/#breadcrumb\",\"itemListElement\":[{\"@type\":\"ListItem\",\"position\":1,\"name\":\"Domovsk\u00e1 str\u00e1nka\",\"item\":\"https:\/\/pevnost.komarno.eu\/hu\/\"},{\"@type\":\"ListItem\",\"position\":2,\"name\":\"Escaperoom\"}]},{\"@type\":\"WebSite\",\"@id\":\"https:\/\/pevnost.komarno.eu\/hu\/#website\",\"url\":\"https:\/\/pevnost.komarno.eu\/hu\/\",\"name\":\"Kom\u00e1romi Er\u0151d\",\"description\":\"Egy hely tele t\u00f6rt\u00e9nelemmel!\",\"potentialAction\":[{\"@type\":\"SearchAction\",\"target\":{\"@type\":\"EntryPoint\",\"urlTemplate\":\"https:\/\/pevnost.komarno.eu\/hu\/?s={search_term_string}\"},\"query-input\":{\"@type\":\"PropertyValueSpecification\",\"valueRequired\":true,\"valueName\":\"search_term_string\"}}],\"inLanguage\":\"hu-HU\"}]}<\/script>\n<!-- \/ Yoast SEO plugin. -->","yoast_head_json":{"title":"Escaperoom - Kom\u00e1romi Er\u0151d","robots":{"index":"index","follow":"follow","max-snippet":"max-snippet:-1","max-image-preview":"max-image-preview:large","max-video-preview":"max-video-preview:-1"},"canonical":"https:\/\/pevnost.komarno.eu\/hu\/escaperoom\/","og_locale":"hu_HU","og_type":"article","og_title":"Escaperoom - Kom\u00e1romi Er\u0151d","og_description":"Mer\u00fclj\u00f6n el egy 19. sz\u00e1zadi kalandban Kom\u00e1rom sz\u00edv\u00e9ben! A Kom\u00e1romi Er\u0151d egyed\u00fcl\u00e1ll\u00f3 lehet\u0151s\u00e9get k\u00edn\u00e1l \u00d6nnek, hogy \u00e1t\u00e9lje a 19. sz\u00e1zad elej\u00e9nek hangulat\u00e1t egy \u00faj szabadul\u00f3szoba r\u00e9v\u00e9n, melyet J\u00f3kai M\u00f3r \u201eAz [&hellip;]","og_url":"https:\/\/pevnost.komarno.eu\/hu\/escaperoom\/","og_site_name":"Kom\u00e1romi Er\u0151d","article_publisher":"https:\/\/www.facebook.com\/pevnost.KOM.erod\/","article_modified_time":"2025-11-19T14:47:29+00:00","og_image":[{"width":1024,"height":256,"url":"https:\/\/pevnost.komarno.eu\/wp-content\/uploads\/2025\/07\/Web1-1024x256.png","type":"image\/png"}],"twitter_card":"summary_large_image","twitter_misc":{"Est. reading time":"2 minutes"},"schema":{"@context":"https:\/\/schema.org","@graph":[{"@type":"WebPage","@id":"https:\/\/pevnost.komarno.eu\/hu\/escaperoom\/","url":"https:\/\/pevnost.komarno.eu\/hu\/escaperoom\/","name":"Escaperoom - Kom\u00e1romi Er\u0151d","isPartOf":{"@id":"https:\/\/pevnost.komarno.eu\/hu\/#website"},"primaryImageOfPage":{"@id":"https:\/\/pevnost.komarno.eu\/hu\/escaperoom\/#primaryimage"},"image":{"@id":"https:\/\/pevnost.komarno.eu\/hu\/escaperoom\/#primaryimage"},"thumbnailUrl":"https:\/\/pevnost.komarno.eu\/wp-content\/uploads\/2025\/07\/Web1.png","datePublished":"2022-08-03T11:15:15+00:00","dateModified":"2025-11-19T14:47:29+00:00","breadcrumb":{"@id":"https:\/\/pevnost.komarno.eu\/hu\/escaperoom\/#breadcrumb"},"inLanguage":"hu-HU","potentialAction":[{"@type":"ReadAction","target":["https:\/\/pevnost.komarno.eu\/hu\/escaperoom\/"]}]},{"@type":"ImageObject","inLanguage":"hu-HU","@id":"https:\/\/pevnost.komarno.eu\/hu\/escaperoom\/#primaryimage","url":"https:\/\/pevnost.komarno.eu\/wp-content\/uploads\/2025\/07\/Web1.png","contentUrl":"https:\/\/pevnost.komarno.eu\/wp-content\/uploads\/2025\/07\/Web1.png","width":3168,"height":792},{"@type":"BreadcrumbList","@id":"https:\/\/pevnost.komarno.eu\/hu\/escaperoom\/#breadcrumb","itemListElement":[{"@type":"ListItem","position":1,"name":"Domovsk\u00e1 str\u00e1nka","item":"https:\/\/pevnost.komarno.eu\/hu\/"},{"@type":"ListItem","position":2,"name":"Escaperoom"}]},{"@type":"WebSite","@id":"https:\/\/pevnost.komarno.eu\/hu\/#website","url":"https:\/\/pevnost.komarno.eu\/hu\/","name":"Kom\u00e1romi Er\u0151d","description":"Egy hely tele t\u00f6rt\u00e9nelemmel!","potentialAction":[{"@type":"SearchAction","target":{"@type":"EntryPoint","urlTemplate":"https:\/\/pevnost.komarno.eu\/hu\/?s={search_term_string}"},"query-input":{"@type":"PropertyValueSpecification","valueRequired":true,"valueName":"search_term_string"}}],"inLanguage":"hu-HU"}]}},"_links":{"self":[{"href":"https:\/\/pevnost.komarno.eu\/hu\/wp-json\/wp\/v2\/pages\/7154","targetHints":{"allow":["GET"]}}],"collection":[{"href":"https:\/\/pevnost.komarno.eu\/hu\/wp-json\/wp\/v2\/pages"}],"about":[{"href":"https:\/\/pevnost.komarno.eu\/hu\/wp-json\/wp\/v2\/types\/page"}],"author":[{"embeddable":true,"href":"https:\/\/pevnost.komarno.eu\/hu\/wp-json\/wp\/v2\/users\/1"}],"replies":[{"embeddable":true,"href":"https:\/\/pevnost.komarno.eu\/hu\/wp-json\/wp\/v2\/comments?post=7154"}],"version-history":[{"count":0,"href":"https:\/\/pevnost.komarno.eu\/hu\/wp-json\/wp\/v2\/pages\/7154\/revisions"}],"wp:featuredmedia":[{"embeddable":true,"href":"https:\/\/pevnost.komarno.eu\/hu\/wp-json\/wp\/v2\/media\/11494"}],"wp:attachment":[{"href":"https:\/\/pevnost.komarno.eu\/hu\/wp-json\/wp\/v2\/media?parent=7154"}],"curies":[{"name":"wp","href":"https:\/\/api.w.org\/{rel}","templated":true}]}}