{"id":7498,"date":"2022-08-03T14:36:38","date_gmt":"2022-08-03T12:36:38","guid":{"rendered":"http:\/\/pevnost.komarno.eu\/pro-castello-comaromiensi-n-o\/"},"modified":"2022-11-09T13:15:23","modified_gmt":"2022-11-09T12:15:23","slug":"pro-castello-comaromiensi-n-o","status":"publish","type":"page","link":"https:\/\/pevnost.komarno.eu\/hu\/pro-castello-comaromiensi-n-o\/","title":{"rendered":"Pro Castello Comaromiensi, n.o."},"content":{"rendered":"\n<div class=\"wp-block-columns is-layout-flex wp-container-core-columns-is-layout-9d6595d7 wp-block-columns-is-layout-flex\">\n<div class=\"wp-block-column is-layout-flow wp-block-column-is-layout-flow\">\n<figure class=\"wp-block-image alignleft size-full is-resized\"><img loading=\"lazy\" decoding=\"async\" src=\"http:\/\/pevnost.komarno.eu\/wp-content\/uploads\/2022\/07\/Pro-castello-comarommiensi-logo.png\" alt=\"\" class=\"wp-image-304\" width=\"125\" height=\"125\"\/><\/figure>\n\n\n\n<p>A 2003. szeptember 4-\u00e9n tartott 13. \u00fcl\u00e9s\u00e9n a kom\u00e1romi \u00f6nkorm\u00e1nyzat j\u00f3v\u00e1hagyta a Pro Castello Comaromiensi k\u00f6zhaszn\u00fa szervezet megalap\u00edt\u00e1s\u00e1t, Klapka t\u00e9r 1, 945 01 Kom\u00e1rno sz\u00e9khellyel, mely szervezet k\u00f6z\u00e9rdek\u0171 szolg\u00e1ltat\u00e1sokat ny\u00fajt a kom\u00e1romi er\u0151dben. A k\u00f6zhaszn\u00fa szolg\u00e1ltat\u00e1sok a k\u00f6vetkez\u0151kre \u00f6sszpontosulnak:    <\/p>\n\n\n\n<ul class=\"wp-block-list\">\n<li>szellemi \u00e9s kultur\u00e1lis \u00e9rt\u00e9kek megteremt\u00e9se, fejleszt\u00e9se, v\u00e9delme, helyre\u00e1ll\u00edt\u00e1sa \u00e9s bemutat\u00e1sa<\/li>\n\n\n\n<li>a testi kult\u00fara oktat\u00e1sa \u00e9s fejleszt\u00e9se<\/li>\n\n\n\n<li>kutat\u00e1si, fejleszt\u00e9si, tudom\u00e1nyos \u00e9s m\u0171szaki szolg\u00e1ltat\u00e1sok \u00e9s inform\u00e1ci\u00f3s szolg\u00e1ltat\u00e1sok<\/li>\n\n\n\n<li>az emberi jogok \u00e9s az alapvet\u0151 szabads\u00e1gok v\u00e9delme,<\/li>\n\n\n\n<li>k\u00f6rnyezetv\u00e9delem \u00e9s a lakoss\u00e1g eg\u00e9szs\u00e9g\u00e9nek a v\u00e9delme<\/li>\n\n\n\n<li>szoci\u00e1lis seg\u00edts\u00e9gny\u00fajt\u00e1s \u00e9s humanit\u00e1rius ell\u00e1t\u00e1s biztos\u00edt\u00e1sa,<\/li>\n\n\n\n<li>region\u00e1lis fejleszt\u00e9st \u00e9s foglalkoztat\u00e1st t\u00e1mogat\u00f3 szolg\u00e1ltat\u00e1sok,<\/li>\n\n\n\n<li>lakhat\u00e1s, adminisztr\u00e1ci\u00f3, karbantart\u00e1s \u00e9s fel\u00faj\u00edt\u00e1s biztos\u00edt\u00e1sa<\/li>\n<\/ul>\n\n\n\n<p>A Pro Castello Comaromiensi nonprofit szervezet \u00e9l\u00e9n megalakul\u00e1sa \u00f3ta 2019-ig Mgr. Gr\u00e1fel Lajos \u00e1lt. 2019. j\u00falius 19-t\u00f6l az igazgat\u00f3i posztot PhDr. Ozimy Andrej t\u00f6lti be     <br\/><br\/>A szervezet nem csak az Er\u0151d nyilv\u00e1noss\u00e1gra hozatal\u00e1t \u00e9s n\u00e9pszer\u0171s\u00edt\u00e9s\u00e9t szolg\u00e1l\u00f3 k\u00f6zszolg\u00e1ltat\u00e1sokat ny\u00fajt, hanem anyagilag vagy szak\u00e9rtelemmel is j\u00e1rul hozz\u00e1 annak meg\u00faj\u00edt\u00e1s\u00e1hoz \u00e9s bemutat\u00e1s\u00e1hoz. A nonprofit szervezet egy\u00fcttm\u0171k\u00f6d\u00e9s\u00e9vel az \u00d6regv\u00e1r kazamat\u00e1it \u00e9s a Ferdin\u00e1nd kaput, valamint az \u00dajv\u00e1rban l\u00e9v\u0151 Madonna B\u00e1stya objektumait, Lip\u00f3t kaput \u00e9s a hatalmas Laktany\u00e1t \u00faj\u00edtott\u00e1k meg.<\/p>\n<\/div>\n\n\n\n<div class=\"wp-block-column is-layout-flow wp-block-column-is-layout-flow\">\n<h2 class=\"wp-block-heading\">Z\u00e1kladn\u00e9 inform\u00e1cie<\/h2>\n\n\n\n<figure class=\"wp-block-table\"><table><tbody><tr><td>Obchodn\u00e9 meno (N\u00e1zov): <\/td><td>Pro Castello Comaromiensi, n.o.<\/td><\/tr><tr><td>S\u00eddlo: <\/td><td>N\u00e1m. gen. Klapku 1\/1, 945 01 Kom\u00e1rno<\/td><\/tr><tr><td>Jogi forma:<\/td><td>Neziskov\u00e1 organiz\u00e1cia poskytuj\u00faca v\u0161eobecne prospe\u0161n\u00e9 slu\u017eby<\/td><\/tr><tr><td>I\u010cO: <\/td><td>36096920<\/td><\/tr><tr><td>DI\u010c:<\/td><td>2024096536<\/td><\/tr><tr><td>Riadite\u013e: <\/td><td>PhDr. Andrej Ozimy<\/td><\/tr><tr><td>Telefon: <\/td><td>+421 35 2851 276<\/td><\/tr><tr><td>Mobil: <\/td><td>+421 949 633 623<\/td><\/tr><tr><td>E-mail:<\/td><td><a href=\"mailto:procastello@komarno.sk\">procastello@komarno.sk<\/a><\/td><\/tr><tr><td>Bankov\u00e9 spojenie: <\/td><td>Prima banka Slovensko, a.s.<\/td><\/tr><tr><td>IBAN: <\/td><td>SK19 5600 0000 0038 6432 6001<\/td><\/tr><\/tbody><\/table><\/figure>\n<\/div>\n<\/div>\n","protected":false},"excerpt":{"rendered":"<p>A 2003. szeptember 4-\u00e9n tartott 13. \u00fcl\u00e9s\u00e9n a kom\u00e1romi \u00f6nkorm\u00e1nyzat j\u00f3v\u00e1hagyta a Pro Castello Comaromiensi k\u00f6zhaszn\u00fa szervezet megalap\u00edt\u00e1s\u00e1t, Klapka t\u00e9r 1, 945 01 Kom\u00e1rno sz\u00e9khellyel, mely szervezet k\u00f6z\u00e9rdek\u0171 szolg\u00e1ltat\u00e1sokat ny\u00fajt [&hellip;]<\/p>\n","protected":false},"author":1,"featured_media":0,"parent":0,"menu_order":0,"comment_status":"closed","ping_status":"closed","template":"","meta":{"_et_pb_use_builder":"","_et_pb_old_content":"","_et_gb_content_width":"","footnotes":""},"class_list":["post-7498","page","type-page","status-publish","hentry"],"yoast_head":"<!-- This site is optimized with the Yoast SEO plugin v27.2 - https:\/\/yoast.com\/product\/yoast-seo-wordpress\/ -->\n<title>Pro Castello Comaromiensi, n.o. - Kom\u00e1romi Er\u0151d<\/title>\n<meta name=\"robots\" content=\"index, follow, max-snippet:-1, max-image-preview:large, max-video-preview:-1\" \/>\n<link rel=\"canonical\" href=\"https:\/\/pevnost.komarno.eu\/hu\/pro-castello-comaromiensi-n-o\/\" \/>\n<meta property=\"og:locale\" content=\"hu_HU\" \/>\n<meta property=\"og:type\" content=\"article\" \/>\n<meta property=\"og:title\" content=\"Pro Castello Comaromiensi, n.o. - Kom\u00e1romi Er\u0151d\" \/>\n<meta property=\"og:description\" content=\"A 2003. szeptember 4-\u00e9n tartott 13. \u00fcl\u00e9s\u00e9n a kom\u00e1romi \u00f6nkorm\u00e1nyzat j\u00f3v\u00e1hagyta a Pro Castello Comaromiensi k\u00f6zhaszn\u00fa szervezet megalap\u00edt\u00e1s\u00e1t, Klapka t\u00e9r 1, 945 01 Kom\u00e1rno sz\u00e9khellyel, mely szervezet k\u00f6z\u00e9rdek\u0171 szolg\u00e1ltat\u00e1sokat ny\u00fajt [&hellip;]\" \/>\n<meta property=\"og:url\" content=\"https:\/\/pevnost.komarno.eu\/hu\/pro-castello-comaromiensi-n-o\/\" \/>\n<meta property=\"og:site_name\" content=\"Kom\u00e1romi Er\u0151d\" \/>\n<meta property=\"article:publisher\" content=\"https:\/\/www.facebook.com\/pevnost.KOM.erod\/\" \/>\n<meta property=\"article:modified_time\" content=\"2022-11-09T12:15:23+00:00\" \/>\n<meta property=\"og:image\" content=\"http:\/\/pevnost.komarno.eu\/wp-content\/uploads\/2022\/07\/Pro-castello-comarommiensi-logo.png\" \/>\n<meta name=\"twitter:card\" content=\"summary_large_image\" \/>\n<meta name=\"twitter:label1\" content=\"Est. reading time\" \/>\n\t<meta name=\"twitter:data1\" content=\"2 minutes\" \/>\n<script type=\"application\/ld+json\" class=\"yoast-schema-graph\">{\"@context\":\"https:\/\/schema.org\",\"@graph\":[{\"@type\":\"WebPage\",\"@id\":\"https:\/\/pevnost.komarno.eu\/hu\/pro-castello-comaromiensi-n-o\/\",\"url\":\"https:\/\/pevnost.komarno.eu\/hu\/pro-castello-comaromiensi-n-o\/\",\"name\":\"Pro Castello Comaromiensi, n.o. - Kom\u00e1romi Er\u0151d\",\"isPartOf\":{\"@id\":\"https:\/\/pevnost.komarno.eu\/hu\/#website\"},\"primaryImageOfPage\":{\"@id\":\"https:\/\/pevnost.komarno.eu\/hu\/pro-castello-comaromiensi-n-o\/#primaryimage\"},\"image\":{\"@id\":\"https:\/\/pevnost.komarno.eu\/hu\/pro-castello-comaromiensi-n-o\/#primaryimage\"},\"thumbnailUrl\":\"http:\/\/pevnost.komarno.eu\/wp-content\/uploads\/2022\/07\/Pro-castello-comarommiensi-logo.png\",\"datePublished\":\"2022-08-03T12:36:38+00:00\",\"dateModified\":\"2022-11-09T12:15:23+00:00\",\"breadcrumb\":{\"@id\":\"https:\/\/pevnost.komarno.eu\/hu\/pro-castello-comaromiensi-n-o\/#breadcrumb\"},\"inLanguage\":\"hu-HU\",\"potentialAction\":[{\"@type\":\"ReadAction\",\"target\":[\"https:\/\/pevnost.komarno.eu\/hu\/pro-castello-comaromiensi-n-o\/\"]}]},{\"@type\":\"ImageObject\",\"inLanguage\":\"hu-HU\",\"@id\":\"https:\/\/pevnost.komarno.eu\/hu\/pro-castello-comaromiensi-n-o\/#primaryimage\",\"url\":\"http:\/\/pevnost.komarno.eu\/wp-content\/uploads\/2022\/07\/Pro-castello-comarommiensi-logo.png\",\"contentUrl\":\"http:\/\/pevnost.komarno.eu\/wp-content\/uploads\/2022\/07\/Pro-castello-comarommiensi-logo.png\"},{\"@type\":\"BreadcrumbList\",\"@id\":\"https:\/\/pevnost.komarno.eu\/hu\/pro-castello-comaromiensi-n-o\/#breadcrumb\",\"itemListElement\":[{\"@type\":\"ListItem\",\"position\":1,\"name\":\"Domovsk\u00e1 str\u00e1nka\",\"item\":\"https:\/\/pevnost.komarno.eu\/hu\/\"},{\"@type\":\"ListItem\",\"position\":2,\"name\":\"Pro Castello Comaromiensi, n.o.\"}]},{\"@type\":\"WebSite\",\"@id\":\"https:\/\/pevnost.komarno.eu\/hu\/#website\",\"url\":\"https:\/\/pevnost.komarno.eu\/hu\/\",\"name\":\"Kom\u00e1romi Er\u0151d\",\"description\":\"Egy hely tele t\u00f6rt\u00e9nelemmel!\",\"potentialAction\":[{\"@type\":\"SearchAction\",\"target\":{\"@type\":\"EntryPoint\",\"urlTemplate\":\"https:\/\/pevnost.komarno.eu\/hu\/?s={search_term_string}\"},\"query-input\":{\"@type\":\"PropertyValueSpecification\",\"valueRequired\":true,\"valueName\":\"search_term_string\"}}],\"inLanguage\":\"hu-HU\"}]}<\/script>\n<!-- \/ Yoast SEO plugin. -->","yoast_head_json":{"title":"Pro Castello Comaromiensi, n.o. - Kom\u00e1romi Er\u0151d","robots":{"index":"index","follow":"follow","max-snippet":"max-snippet:-1","max-image-preview":"max-image-preview:large","max-video-preview":"max-video-preview:-1"},"canonical":"https:\/\/pevnost.komarno.eu\/hu\/pro-castello-comaromiensi-n-o\/","og_locale":"hu_HU","og_type":"article","og_title":"Pro Castello Comaromiensi, n.o. - Kom\u00e1romi Er\u0151d","og_description":"A 2003. szeptember 4-\u00e9n tartott 13. \u00fcl\u00e9s\u00e9n a kom\u00e1romi \u00f6nkorm\u00e1nyzat j\u00f3v\u00e1hagyta a Pro Castello Comaromiensi k\u00f6zhaszn\u00fa szervezet megalap\u00edt\u00e1s\u00e1t, Klapka t\u00e9r 1, 945 01 Kom\u00e1rno sz\u00e9khellyel, mely szervezet k\u00f6z\u00e9rdek\u0171 szolg\u00e1ltat\u00e1sokat ny\u00fajt [&hellip;]","og_url":"https:\/\/pevnost.komarno.eu\/hu\/pro-castello-comaromiensi-n-o\/","og_site_name":"Kom\u00e1romi Er\u0151d","article_publisher":"https:\/\/www.facebook.com\/pevnost.KOM.erod\/","article_modified_time":"2022-11-09T12:15:23+00:00","og_image":[{"url":"http:\/\/pevnost.komarno.eu\/wp-content\/uploads\/2022\/07\/Pro-castello-comarommiensi-logo.png","type":"","width":"","height":""}],"twitter_card":"summary_large_image","twitter_misc":{"Est. reading time":"2 minutes"},"schema":{"@context":"https:\/\/schema.org","@graph":[{"@type":"WebPage","@id":"https:\/\/pevnost.komarno.eu\/hu\/pro-castello-comaromiensi-n-o\/","url":"https:\/\/pevnost.komarno.eu\/hu\/pro-castello-comaromiensi-n-o\/","name":"Pro Castello Comaromiensi, n.o. - Kom\u00e1romi Er\u0151d","isPartOf":{"@id":"https:\/\/pevnost.komarno.eu\/hu\/#website"},"primaryImageOfPage":{"@id":"https:\/\/pevnost.komarno.eu\/hu\/pro-castello-comaromiensi-n-o\/#primaryimage"},"image":{"@id":"https:\/\/pevnost.komarno.eu\/hu\/pro-castello-comaromiensi-n-o\/#primaryimage"},"thumbnailUrl":"http:\/\/pevnost.komarno.eu\/wp-content\/uploads\/2022\/07\/Pro-castello-comarommiensi-logo.png","datePublished":"2022-08-03T12:36:38+00:00","dateModified":"2022-11-09T12:15:23+00:00","breadcrumb":{"@id":"https:\/\/pevnost.komarno.eu\/hu\/pro-castello-comaromiensi-n-o\/#breadcrumb"},"inLanguage":"hu-HU","potentialAction":[{"@type":"ReadAction","target":["https:\/\/pevnost.komarno.eu\/hu\/pro-castello-comaromiensi-n-o\/"]}]},{"@type":"ImageObject","inLanguage":"hu-HU","@id":"https:\/\/pevnost.komarno.eu\/hu\/pro-castello-comaromiensi-n-o\/#primaryimage","url":"http:\/\/pevnost.komarno.eu\/wp-content\/uploads\/2022\/07\/Pro-castello-comarommiensi-logo.png","contentUrl":"http:\/\/pevnost.komarno.eu\/wp-content\/uploads\/2022\/07\/Pro-castello-comarommiensi-logo.png"},{"@type":"BreadcrumbList","@id":"https:\/\/pevnost.komarno.eu\/hu\/pro-castello-comaromiensi-n-o\/#breadcrumb","itemListElement":[{"@type":"ListItem","position":1,"name":"Domovsk\u00e1 str\u00e1nka","item":"https:\/\/pevnost.komarno.eu\/hu\/"},{"@type":"ListItem","position":2,"name":"Pro Castello Comaromiensi, n.o."}]},{"@type":"WebSite","@id":"https:\/\/pevnost.komarno.eu\/hu\/#website","url":"https:\/\/pevnost.komarno.eu\/hu\/","name":"Kom\u00e1romi Er\u0151d","description":"Egy hely tele t\u00f6rt\u00e9nelemmel!","potentialAction":[{"@type":"SearchAction","target":{"@type":"EntryPoint","urlTemplate":"https:\/\/pevnost.komarno.eu\/hu\/?s={search_term_string}"},"query-input":{"@type":"PropertyValueSpecification","valueRequired":true,"valueName":"search_term_string"}}],"inLanguage":"hu-HU"}]}},"_links":{"self":[{"href":"https:\/\/pevnost.komarno.eu\/hu\/wp-json\/wp\/v2\/pages\/7498","targetHints":{"allow":["GET"]}}],"collection":[{"href":"https:\/\/pevnost.komarno.eu\/hu\/wp-json\/wp\/v2\/pages"}],"about":[{"href":"https:\/\/pevnost.komarno.eu\/hu\/wp-json\/wp\/v2\/types\/page"}],"author":[{"embeddable":true,"href":"https:\/\/pevnost.komarno.eu\/hu\/wp-json\/wp\/v2\/users\/1"}],"replies":[{"embeddable":true,"href":"https:\/\/pevnost.komarno.eu\/hu\/wp-json\/wp\/v2\/comments?post=7498"}],"version-history":[{"count":0,"href":"https:\/\/pevnost.komarno.eu\/hu\/wp-json\/wp\/v2\/pages\/7498\/revisions"}],"wp:attachment":[{"href":"https:\/\/pevnost.komarno.eu\/hu\/wp-json\/wp\/v2\/media?parent=7498"}],"curies":[{"name":"wp","href":"https:\/\/api.w.org\/{rel}","templated":true}]}}